{"id":142,"date":"2020-07-16T05:53:20","date_gmt":"2020-07-16T05:53:20","guid":{"rendered":"https:\/\/bahiadeuvasbeachclub.com\/testimonial\/"},"modified":"2023-07-11T22:43:24","modified_gmt":"2023-07-11T22:43:24","slug":"testimonial","status":"publish","type":"page","link":"https:\/\/bahiadeuvasbeachclub.com\/en\/testimonial\/","title":{"rendered":"Testimonials"},"content":{"rendered":"<div data-elementor-type=\"wp-page\" data-elementor-id=\"142\" class=\"elementor elementor-142\">\n\t\t\t\t\t\t<section class=\"elementor-section elementor-top-section elementor-element elementor-element-0d45709 elementor-section-boxed elementor-section-height-default elementor-section-height-default\" data-id=\"0d45709\" data-element_type=\"section\" data-settings=\"{&quot;background_background&quot;:&quot;classic&quot;}\">\n\t\t\t\t\t\t\t<div class=\"elementor-background-overlay\"><\/div>\n\t\t\t\t\t\t\t<div class=\"elementor-container elementor-column-gap-no\">\n\t\t\t\t\t<div class=\"elementor-column elementor-col-100 elementor-top-column elementor-element elementor-element-c19b8a8\" data-id=\"c19b8a8\" data-element_type=\"column\">\n\t\t\t<div class=\"elementor-widget-wrap elementor-element-populated\">\n\t\t\t\t\t\t<div class=\"elementor-element elementor-element-6d38c7d elementor-widget elementor-widget-heading\" data-id=\"6d38c7d\" data-element_type=\"widget\" data-widget_type=\"heading.default\">\n\t\t\t\t<div class=\"elementor-widget-container\">\n\t\t\t\t\t<h1 class=\"elementor-heading-title elementor-size-default\">Testimonials<\/h1>\t\t\t\t<\/div>\n\t\t\t\t<\/div>\n\t\t\t\t<div class=\"elementor-element elementor-element-abef6c0 elementor-widget elementor-widget-text-editor\" data-id=\"abef6c0\" data-element_type=\"widget\" data-widget_type=\"text-editor.default\">\n\t\t\t\t<div class=\"elementor-widget-container\">\n\t\t\t\t\t\t\t\t\t<p>Find out what our visitors think about our beach club<\/p>\t\t\t\t\t\t\t\t<\/div>\n\t\t\t\t<\/div>\n\t\t\t\t<div class=\"elementor-element elementor-element-4458270 elementor-widget-divider--view-line elementor-widget elementor-widget-divider\" data-id=\"4458270\" data-element_type=\"widget\" data-widget_type=\"divider.default\">\n\t\t\t\t<div class=\"elementor-widget-container\">\n\t\t\t\t\t\t\t<div class=\"elementor-divider\">\n\t\t\t<span class=\"elementor-divider-separator\">\n\t\t\t\t\t\t<\/span>\n\t\t<\/div>\n\t\t\t\t\t\t<\/div>\n\t\t\t\t<\/div>\n\t\t\t\t\t<\/div>\n\t\t<\/div>\n\t\t\t\t\t<\/div>\n\t\t<\/section>\n\t\t\t\t<section class=\"elementor-section elementor-top-section elementor-element elementor-element-9dd050e elementor-section-boxed elementor-section-height-default elementor-section-height-default\" data-id=\"9dd050e\" data-element_type=\"section\">\n\t\t\t\t\t\t<div class=\"elementor-container elementor-column-gap-no\">\n\t\t\t\t\t<div class=\"elementor-column elementor-col-100 elementor-top-column elementor-element elementor-element-ddaed20\" data-id=\"ddaed20\" data-element_type=\"column\">\n\t\t\t<div class=\"elementor-widget-wrap elementor-element-populated\">\n\t\t\t\t\t\t<section class=\"elementor-section elementor-inner-section elementor-element elementor-element-6d48532 elementor-section-boxed elementor-section-height-default elementor-section-height-default\" data-id=\"6d48532\" data-element_type=\"section\">\n\t\t\t\t\t\t<div class=\"elementor-container elementor-column-gap-no\">\n\t\t\t\t\t<div class=\"elementor-column elementor-col-100 elementor-inner-column elementor-element elementor-element-7266a99\" data-id=\"7266a99\" data-element_type=\"column\">\n\t\t\t<div class=\"elementor-widget-wrap elementor-element-populated\">\n\t\t\t\t\t\t<div class=\"elementor-element elementor-element-5d12f9f elementor-widget elementor-widget-heading\" data-id=\"5d12f9f\" data-element_type=\"widget\" data-widget_type=\"heading.default\">\n\t\t\t\t<div class=\"elementor-widget-container\">\n\t\t\t\t\t<h2 class=\"elementor-heading-title elementor-size-default\">What people think<\/h2>\t\t\t\t<\/div>\n\t\t\t\t<\/div>\n\t\t\t\t<div class=\"elementor-element elementor-element-099a410 elementor-star-rating--align-left elementor--star-style-star_fontawesome elementor-widget elementor-widget-star-rating\" data-id=\"099a410\" data-element_type=\"widget\" data-widget_type=\"star-rating.default\">\n\t\t\t\t<div class=\"elementor-widget-container\">\n\t\t\t\t\t\n\t\t<div class=\"elementor-star-rating__wrapper\">\n\t\t\t\t\t\t\t<div class=\"elementor-star-rating__title\">4.9\/5<\/div>\n\t\t\t\t\t\t<div class=\"elementor-star-rating\" title=\"4.8\/5\" itemtype=\"http:\/\/schema.org\/Rating\" itemscope=\"\" itemprop=\"reviewRating\"><i class=\"elementor-star-full\">&#xE934;<\/i><i class=\"elementor-star-full\">&#xE934;<\/i><i class=\"elementor-star-full\">&#xE934;<\/i><i class=\"elementor-star-full\">&#xE934;<\/i><i class=\"elementor-star-8\">&#xE934;<\/i> <span itemprop=\"ratingValue\" class=\"elementor-screen-only\">4.8\/5<\/span><\/div>\t\t<\/div>\n\t\t\t\t\t\t<\/div>\n\t\t\t\t<\/div>\n\t\t\t\t<div class=\"elementor-element elementor-element-4a4269e elementor-widget elementor-widget-heading\" data-id=\"4a4269e\" data-element_type=\"widget\" data-widget_type=\"heading.default\">\n\t\t\t\t<div class=\"elementor-widget-container\">\n\t\t\t\t\t<h6 class=\"elementor-heading-title elementor-size-default\">Costumer's Rating<\/h6>\t\t\t\t<\/div>\n\t\t\t\t<\/div>\n\t\t\t\t\t<\/div>\n\t\t<\/div>\n\t\t\t\t\t<\/div>\n\t\t<\/section>\n\t\t\t\t\t<\/div>\n\t\t<\/div>\n\t\t\t\t\t<\/div>\n\t\t<\/section>\n\t\t\t\t<section class=\"elementor-section elementor-top-section elementor-element elementor-element-ca2f2bf elementor-section-boxed elementor-section-height-default elementor-section-height-default\" data-id=\"ca2f2bf\" data-element_type=\"section\">\n\t\t\t\t\t\t<div class=\"elementor-container elementor-column-gap-default\">\n\t\t\t\t\t<div class=\"elementor-column elementor-col-100 elementor-top-column elementor-element elementor-element-e52da39\" data-id=\"e52da39\" data-element_type=\"column\">\n\t\t\t<div class=\"elementor-widget-wrap elementor-element-populated\">\n\t\t\t\t\t\t<div class=\"elementor-element elementor-element-ab3e9d1 elementor-widget__width-initial elementor-widget elementor-widget-shortcode\" data-id=\"ab3e9d1\" data-element_type=\"widget\" data-widget_type=\"shortcode.default\">\n\t\t\t\t<div class=\"elementor-widget-container\">\n\t\t\t\t\t\t\t<div class=\"elementor-shortcode\"><div class=\"ti-widget ti-goog\" data-layout-id=\"5\" data-set-id=\"light-background\" data-pid=\"\" data-language=\"es\" data-version=\"2\" data-review-target-width=\"275\" data-review-text-mode=\"readmore\" data-pager-autoplay-timeout=\"6\" > <div class=\"ti-widget-container ti-col-4\"> <div class=\"ti-footer source-Google\"> <div class=\"ti-rating-text\"> <strong class=\"ti-rating ti-rating-large\"> BUENO <\/strong> <\/div> <span class=\"ti-stars star-lg\"> <span class=\"ti-star f\"><\/span><span class=\"ti-star f\"><\/span><span class=\"ti-star f\"><\/span><span class=\"ti-star f\"><\/span><span class=\"ti-star h\"><\/span> <\/span> <div class=\"ti-rating-text\"> <span class=\"nowrap\">In base of <strong>83 rese\u00f1as<\/strong><\/span> <\/div> <div class=\"ti-large-logo\"> <div class=\"ti-v-center\"> <img decoding=\"async\" class=\"ti-logo-fb lazyload\" data-src=\"https:\/\/cdn.trustindex.io\/assets\/platform\/Google\/logo.svg\" width=\"150\" height=\"25\" alt=\"Google\" src=\"data:image\/gif;base64,R0lGODlhAQABAAAAACH5BAEKAAEALAAAAAABAAEAAAICTAEAOw==\" style=\"--smush-placeholder-width: 150px; --smush-placeholder-aspect-ratio: 150\/25;\" \/> <\/div> <\/div> <\/div> <div class=\"ti-reviews-container\"> <div class=\"ti-controls\"> <div class=\"ti-next\" aria-label=\"Siguiente rese\u00f1a\" role=\"button\"><\/div> <div class=\"ti-prev\" aria-label=\"Rese\u00f1a anterior\" role=\"button\"><\/div> <\/div> <div class=\"ti-reviews-container-wrapper\">  <div data-empty=\"0\" class=\"ti-review-item source-Google ti-image-layout-thumbnail\" data-id=\"cfcd208495d565ef66e7dff9f98764da\" > <div class=\"ti-inner\"> <div class=\"ti-review-header\"> <div class=\"ti-profile-img\"> <img decoding=\"async\" data-src=\"https:\/\/lh3.googleusercontent.com\/a\/AAcHTtfZy5fbv30AkvTphcEOtMV6M2WSuynK-Fvy-MTuzxXw=s120-c-rp-mo-br100\" data-srcset=\"https:\/\/lh3.googleusercontent.com\/a\/AAcHTtfZy5fbv30AkvTphcEOtMV6M2WSuynK-Fvy-MTuzxXw=s120-c-rp-mo-br100 2x\" alt=\"evelin rumbo\" src=\"data:image\/gif;base64,R0lGODlhAQABAAAAACH5BAEKAAEALAAAAAABAAEAAAICTAEAOw==\" class=\"lazyload\" \/> <\/div> <div class=\"ti-profile-details\"> <div class=\"ti-name\"> evelin rumbo <\/div> <div class=\"ti-date\">2023-06-05<\/div> <\/div> <\/div> <span class=\"ti-stars\"><span class=\"ti-star f\"><\/span><span class=\"ti-star f\"><\/span><span class=\"ti-star f\"><\/span><span class=\"ti-star f\"><\/span><span class=\"ti-star f\"><\/span><\/span> <div class=\"ti-review-text-container ti-review-content\"><!-- R-CONTENT -->Muy lindo el lugar, los nachos zarpados para compartir entre 2, alquile el kit de snorkel y por tu cuenta podes ver un mont\u00f3n y es m\u00e1s barato que otros paraderos<!-- R-CONTENT --><\/div> <span class=\"ti-read-more\" data-container=\".ti-review-content\" data-collapse-text=\"Ocultar\" data-open-text=\"Leer m\u00e1s\" ><\/span> <\/div> <\/div>  <div data-empty=\"0\" class=\"ti-review-item source-Google ti-image-layout-thumbnail\" data-id=\"cfcd208495d565ef66e7dff9f98764da\" > <div class=\"ti-inner\"> <div class=\"ti-review-header\"> <div class=\"ti-profile-img\"> <img decoding=\"async\" data-src=\"https:\/\/lh3.googleusercontent.com\/a-\/AD_cMMRZkWEoA8R2Vm-eOn6tDNx6OoENOK9-QstydAPQSOs8oFA=s120-c-rp-mo-ba4-br100\" data-srcset=\"https:\/\/lh3.googleusercontent.com\/a-\/AD_cMMRZkWEoA8R2Vm-eOn6tDNx6OoENOK9-QstydAPQSOs8oFA=s120-c-rp-mo-ba4-br100 2x\" alt=\"ANDREAS KROMPHOLZ\" src=\"data:image\/gif;base64,R0lGODlhAQABAAAAACH5BAEKAAEALAAAAAABAAEAAAICTAEAOw==\" class=\"lazyload\" \/> <\/div> <div class=\"ti-profile-details\"> <div class=\"ti-name\"> ANDREAS KROMPHOLZ <\/div> <div class=\"ti-date\">2023-06-02<\/div> <\/div> <\/div> <span class=\"ti-stars\"><span class=\"ti-star f\"><\/span><span class=\"ti-star f\"><\/span><span class=\"ti-star f\"><\/span><span class=\"ti-star f\"><\/span><span class=\"ti-star f\"><\/span><\/span> <div class=\"ti-review-text-container ti-review-content\"><!-- R-CONTENT -->Wir hatten hier einen wundersch\u00f6nen Strandaufenthalt. Liegen, Sonnenschirme und Sanit\u00e4ranlagen vorhanden. Gutes Restaurant mit Vielzahl von Tacos zu normalen Touri Preisen. Freundliche Mitarbeiter.\nDer Beach Club kostet keinen Eintritt, lediglich das was verzehrt wurde, wurde berechnet.,<!-- R-CONTENT --><\/div> <span class=\"ti-read-more\" data-container=\".ti-review-content\" data-collapse-text=\"Ocultar\" data-open-text=\"Leer m\u00e1s\" ><\/span> <\/div> <\/div>  <div data-empty=\"0\" class=\"ti-review-item source-Google ti-image-layout-thumbnail\" data-id=\"cfcd208495d565ef66e7dff9f98764da\" > <div class=\"ti-inner\"> <div class=\"ti-review-header\"> <div class=\"ti-profile-img\"> <img decoding=\"async\" data-src=\"https:\/\/lh3.googleusercontent.com\/a-\/AD_cMMRhOFG7gKS-8BwDpaR8A0-90iKPTtZVw9WuTbq-JCdMDKiv=s120-c-rp-mo-ba4-br100\" data-srcset=\"https:\/\/lh3.googleusercontent.com\/a-\/AD_cMMRhOFG7gKS-8BwDpaR8A0-90iKPTtZVw9WuTbq-JCdMDKiv=s120-c-rp-mo-ba4-br100 2x\" alt=\"Magi Larios\" src=\"data:image\/gif;base64,R0lGODlhAQABAAAAACH5BAEKAAEALAAAAAABAAEAAAICTAEAOw==\" class=\"lazyload\" \/> <\/div> <div class=\"ti-profile-details\"> <div class=\"ti-name\"> Magi Larios <\/div> <div class=\"ti-date\">2023-05-18<\/div> <\/div> <\/div> <span class=\"ti-stars\"><span class=\"ti-star f\"><\/span><span class=\"ti-star f\"><\/span><span class=\"ti-star f\"><\/span><span class=\"ti-star f\"><\/span><span class=\"ti-star e\"><\/span><\/span> <div class=\"ti-review-text-container ti-review-content\"><!-- R-CONTENT -->Excelente opci\u00f3n para estar a gusto frente al mar.\nYo fui en bici y s\u00faper padre!: s\u00f3lo 20 min.\nS\u00f3lo te cobran el consumo y los costos est\u00e1n en el rango de restaurante frente a la playa.\n\nLa atenci\u00f3n es excelente. Te dan ganas de regresar, as\u00ed que volver\u00e9 pronto!<!-- R-CONTENT --><\/div> <span class=\"ti-read-more\" data-container=\".ti-review-content\" data-collapse-text=\"Ocultar\" data-open-text=\"Leer m\u00e1s\" ><\/span> <\/div> <\/div>  <div data-empty=\"0\" class=\"ti-review-item source-Google ti-image-layout-thumbnail\" data-id=\"cfcd208495d565ef66e7dff9f98764da\" > <div class=\"ti-inner\"> <div class=\"ti-review-header\"> <div class=\"ti-profile-img\"> <img decoding=\"async\" data-src=\"https:\/\/lh3.googleusercontent.com\/a-\/AD_cMMSq0H6_wPM6_4HNSMrSt_a7R-llzzkT9gHFdABdsD_Bq2A=s120-c-rp-mo-ba4-br100\" data-srcset=\"https:\/\/lh3.googleusercontent.com\/a-\/AD_cMMSq0H6_wPM6_4HNSMrSt_a7R-llzzkT9gHFdABdsD_Bq2A=s120-c-rp-mo-ba4-br100 2x\" alt=\"Chris Doyle\" src=\"data:image\/gif;base64,R0lGODlhAQABAAAAACH5BAEKAAEALAAAAAABAAEAAAICTAEAOw==\" class=\"lazyload\" \/> <\/div> <div class=\"ti-profile-details\"> <div class=\"ti-name\"> Chris Doyle <\/div> <div class=\"ti-date\">2023-05-05<\/div> <\/div> <\/div> <span class=\"ti-stars\"><span class=\"ti-star f\"><\/span><span class=\"ti-star f\"><\/span><span class=\"ti-star f\"><\/span><span class=\"ti-star f\"><\/span><span class=\"ti-star f\"><\/span><\/span> <div class=\"ti-review-text-container ti-review-content\"><!-- R-CONTENT -->I had the yellow curry combo rice. This is a big deal bc it is in Cayman Islands and there is few, if any others, that offer curry.<!-- R-CONTENT --><\/div> <span class=\"ti-read-more\" data-container=\".ti-review-content\" data-collapse-text=\"Ocultar\" data-open-text=\"Leer m\u00e1s\" ><\/span> <\/div> <\/div>  <div data-empty=\"0\" class=\"ti-review-item source-Google ti-image-layout-thumbnail\" data-id=\"cfcd208495d565ef66e7dff9f98764da\" > <div class=\"ti-inner\"> <div class=\"ti-review-header\"> <div class=\"ti-profile-img\"> <img decoding=\"async\" data-src=\"https:\/\/lh3.googleusercontent.com\/a-\/AD_cMMReI2b_HeM-1d78wn4R6aQWXbpmhqyiKhqBDayWNnJf54rx=s120-c-rp-mo-ba4-br100\" data-srcset=\"https:\/\/lh3.googleusercontent.com\/a-\/AD_cMMReI2b_HeM-1d78wn4R6aQWXbpmhqyiKhqBDayWNnJf54rx=s120-c-rp-mo-ba4-br100 2x\" alt=\"Logan Reedy\" src=\"data:image\/gif;base64,R0lGODlhAQABAAAAACH5BAEKAAEALAAAAAABAAEAAAICTAEAOw==\" class=\"lazyload\" \/> <\/div> <div class=\"ti-profile-details\"> <div class=\"ti-name\"> Logan Reedy <\/div> <div class=\"ti-date\">2023-05-01<\/div> <\/div> <\/div> <span class=\"ti-stars\"><span class=\"ti-star f\"><\/span><span class=\"ti-star f\"><\/span><span class=\"ti-star f\"><\/span><span class=\"ti-star f\"><\/span><span class=\"ti-star e\"><\/span><\/span> <div class=\"ti-review-text-container ti-review-content\"><!-- R-CONTENT -->Decent beach club. Shrimp fried rice was honestly better than any I\u2019ve had in America. Beach had lots of lounge chairs as well as regular tables. Places with shade, and hammocks under shade. Kayaks, paddle boards, and a clear kayak for rent too. Water stays shallow for quite a bit off shore. Nice place I\u2019d come back.<!-- R-CONTENT --><\/div> <span class=\"ti-read-more\" data-container=\".ti-review-content\" data-collapse-text=\"Ocultar\" data-open-text=\"Leer m\u00e1s\" ><\/span> <\/div> <\/div>  <div data-empty=\"0\" class=\"ti-review-item source-Google ti-image-layout-thumbnail\" data-id=\"cfcd208495d565ef66e7dff9f98764da\" > <div class=\"ti-inner\"> <div class=\"ti-review-header\"> <div class=\"ti-profile-img\"> <img decoding=\"async\" data-src=\"https:\/\/lh3.googleusercontent.com\/a-\/AD_cMMRSUuwozRR6abNpOk_w9qQP6tiBFNOGRA9skTGgWqStxAc=s120-c-rp-mo-ba4-br100\" data-srcset=\"https:\/\/lh3.googleusercontent.com\/a-\/AD_cMMRSUuwozRR6abNpOk_w9qQP6tiBFNOGRA9skTGgWqStxAc=s120-c-rp-mo-ba4-br100 2x\" alt=\"pamela baca\" src=\"data:image\/gif;base64,R0lGODlhAQABAAAAACH5BAEKAAEALAAAAAABAAEAAAICTAEAOw==\" class=\"lazyload\" \/> <\/div> <div class=\"ti-profile-details\"> <div class=\"ti-name\"> pamela baca <\/div> <div class=\"ti-date\">2023-04-26<\/div> <\/div> <\/div> <span class=\"ti-stars\"><span class=\"ti-star f\"><\/span><span class=\"ti-star f\"><\/span><span class=\"ti-star f\"><\/span><span class=\"ti-star f\"><\/span><span class=\"ti-star f\"><\/span><\/span> <div class=\"ti-review-text-container ti-review-content\"><!-- R-CONTENT -->No com\u00ed ah\u00ed pero la.atencio  incre\u00edble<!-- R-CONTENT --><\/div> <span class=\"ti-read-more\" data-container=\".ti-review-content\" data-collapse-text=\"Ocultar\" data-open-text=\"Leer m\u00e1s\" ><\/span> <\/div> <\/div>  <div data-empty=\"0\" class=\"ti-review-item source-Google ti-image-layout-thumbnail\" data-id=\"cfcd208495d565ef66e7dff9f98764da\" > <div class=\"ti-inner\"> <div class=\"ti-review-header\"> <div class=\"ti-profile-img\"> <img decoding=\"async\" data-src=\"https:\/\/lh3.googleusercontent.com\/a-\/AD_cMMRsBG-EqQ_mMtl8kJpnFgOV8ENi5G_U5uKndvGUd5VgdA=s120-c-rp-mo-ba4-br100\" data-srcset=\"https:\/\/lh3.googleusercontent.com\/a-\/AD_cMMRsBG-EqQ_mMtl8kJpnFgOV8ENi5G_U5uKndvGUd5VgdA=s120-c-rp-mo-ba4-br100 2x\" alt=\"Pablo Guazzetti\" src=\"data:image\/gif;base64,R0lGODlhAQABAAAAACH5BAEKAAEALAAAAAABAAEAAAICTAEAOw==\" class=\"lazyload\" \/> <\/div> <div class=\"ti-profile-details\"> <div class=\"ti-name\"> Pablo Guazzetti <\/div> <div class=\"ti-date\">2023-04-25<\/div> <\/div> <\/div> <span class=\"ti-stars\"><span class=\"ti-star f\"><\/span><span class=\"ti-star f\"><\/span><span class=\"ti-star f\"><\/span><span class=\"ti-star f\"><\/span><span class=\"ti-star e\"><\/span><\/span> <div class=\"ti-review-text-container ti-review-content\"><!-- R-CONTENT -->El beach club que mas me gust\u00f3 de Cozumel\nBien ubicado, bien mar, muy buen servicio<!-- R-CONTENT --><\/div> <span class=\"ti-read-more\" data-container=\".ti-review-content\" data-collapse-text=\"Ocultar\" data-open-text=\"Leer m\u00e1s\" ><\/span> <\/div> <\/div>  <\/div> <div class=\"ti-controls-line\"> <div class=\"dot\"><\/div> <\/div>  <\/div> <\/div> <\/div> <\/div>\n\t\t\t\t\t\t<\/div>\n\t\t\t\t<\/div>\n\t\t\t\t\t<\/div>\n\t\t<\/div>\n\t\t\t\t\t<\/div>\n\t\t<\/section>\n\t\t\t\t<\/div>","protected":false},"excerpt":{"rendered":"<p>testimonios Conoce lo que nuestros visitantes opinan sobre nuestro&nbsp; club de playa Lo que opinan de nosotros 4.9\/5 &#xE934;&#xE934;&#xE934;&#xE934;&#xE934; 4.8\/5 Costumer&#8217;s Rating<\/p>","protected":false},"author":1,"featured_media":0,"parent":0,"menu_order":0,"comment_status":"closed","ping_status":"closed","template":"","meta":{"_uag_custom_page_level_css":"","_monsterinsights_skip_tracking":false,"_monsterinsights_sitenote_active":false,"_monsterinsights_sitenote_note":"","_monsterinsights_sitenote_category":0,"site-sidebar-layout":"no-sidebar","site-content-layout":"page-builder","ast-global-header-display":"","ast-banner-title-visibility":"","ast-main-header-display":"","ast-hfb-above-header-display":"","ast-hfb-below-header-display":"","ast-hfb-mobile-header-display":"","site-post-title":"disabled","ast-breadcrumbs-content":"","ast-featured-img":"disabled","footer-sml-layout":"","theme-transparent-header-meta":"enabled","adv-header-id-meta":"","stick-header-meta":"","header-above-stick-meta":"","header-main-stick-meta":"","header-below-stick-meta":"","footnotes":""},"class_list":["post-142","page","type-page","status-publish","hentry"],"aioseo_notices":[],"yoast_head":"<!-- This site is optimized with the Yoast SEO plugin v27.2 - https:\/\/yoast.com\/product\/yoast-seo-wordpress\/ -->\n<title>Testimonios -<\/title>\n<meta name=\"robots\" content=\"index, follow, max-snippet:-1, max-image-preview:large, max-video-preview:-1\" \/>\n<link rel=\"canonical\" href=\"https:\/\/bahiadeuvasbeachclub.com\/en\/testimonial\/\" \/>\n<meta property=\"og:locale\" content=\"en_US\" \/>\n<meta property=\"og:type\" content=\"article\" \/>\n<meta property=\"og:title\" content=\"Testimonios -\" \/>\n<meta property=\"og:description\" content=\"testimonios Conoce lo que nuestros visitantes opinan sobre nuestro&nbsp; club de playa Lo que opinan de nosotros 4.9\/5 &#xE934;&#xE934;&#xE934;&#xE934;&#xE934; 4.8\/5 Costumer&#8217;s Rating\" \/>\n<meta property=\"og:url\" content=\"https:\/\/bahiadeuvasbeachclub.com\/en\/testimonial\/\" \/>\n<meta property=\"article:modified_time\" content=\"2023-07-11T22:43:24+00:00\" \/>\n<meta name=\"twitter:card\" content=\"summary_large_image\" \/>\n<meta name=\"twitter:label1\" content=\"Est. reading time\" \/>\n\t<meta name=\"twitter:data1\" content=\"3 minutes\" \/>\n<script type=\"application\/ld+json\" class=\"yoast-schema-graph\">{\"@context\":\"https:\/\/schema.org\",\"@graph\":[{\"@type\":\"WebPage\",\"@id\":\"https:\/\/bahiadeuvasbeachclub.com\/testimonial\/\",\"url\":\"https:\/\/bahiadeuvasbeachclub.com\/testimonial\/\",\"name\":\"Testimonios -\",\"isPartOf\":{\"@id\":\"https:\/\/bahiadeuvasbeachclub.com\/#website\"},\"datePublished\":\"2020-07-16T05:53:20+00:00\",\"dateModified\":\"2023-07-11T22:43:24+00:00\",\"breadcrumb\":{\"@id\":\"https:\/\/bahiadeuvasbeachclub.com\/testimonial\/#breadcrumb\"},\"inLanguage\":\"en-US\",\"potentialAction\":[{\"@type\":\"ReadAction\",\"target\":[\"https:\/\/bahiadeuvasbeachclub.com\/testimonial\/\"]}]},{\"@type\":\"BreadcrumbList\",\"@id\":\"https:\/\/bahiadeuvasbeachclub.com\/testimonial\/#breadcrumb\",\"itemListElement\":[{\"@type\":\"ListItem\",\"position\":1,\"name\":\"Inicio\",\"item\":\"https:\/\/bahiadeuvasbeachclub.com\/\"},{\"@type\":\"ListItem\",\"position\":2,\"name\":\"Testimonios\"}]},{\"@type\":\"WebSite\",\"@id\":\"https:\/\/bahiadeuvasbeachclub.com\/#website\",\"url\":\"https:\/\/bahiadeuvasbeachclub.com\/\",\"name\":\"\",\"description\":\"Sum\u00e9rgete en la tranquilidad de Bah\u00eda De Uvas Beach Club, donde el sol, la arena y las olas crean momentos inolvidables.\",\"potentialAction\":[{\"@type\":\"SearchAction\",\"target\":{\"@type\":\"EntryPoint\",\"urlTemplate\":\"https:\/\/bahiadeuvasbeachclub.com\/?s={search_term_string}\"},\"query-input\":{\"@type\":\"PropertyValueSpecification\",\"valueRequired\":true,\"valueName\":\"search_term_string\"}}],\"inLanguage\":\"en-US\"}]}<\/script>\n<!-- \/ Yoast SEO plugin. -->","yoast_head_json":{"title":"Testimonios -","robots":{"index":"index","follow":"follow","max-snippet":"max-snippet:-1","max-image-preview":"max-image-preview:large","max-video-preview":"max-video-preview:-1"},"canonical":"https:\/\/bahiadeuvasbeachclub.com\/en\/testimonial\/","og_locale":"en_US","og_type":"article","og_title":"Testimonios -","og_description":"testimonios Conoce lo que nuestros visitantes opinan sobre nuestro&nbsp; club de playa Lo que opinan de nosotros 4.9\/5 &#xE934;&#xE934;&#xE934;&#xE934;&#xE934; 4.8\/5 Costumer&#8217;s Rating","og_url":"https:\/\/bahiadeuvasbeachclub.com\/en\/testimonial\/","article_modified_time":"2023-07-11T22:43:24+00:00","twitter_card":"summary_large_image","twitter_misc":{"Est. reading time":"3 minutes"},"schema":{"@context":"https:\/\/schema.org","@graph":[{"@type":"WebPage","@id":"https:\/\/bahiadeuvasbeachclub.com\/testimonial\/","url":"https:\/\/bahiadeuvasbeachclub.com\/testimonial\/","name":"Testimonios -","isPartOf":{"@id":"https:\/\/bahiadeuvasbeachclub.com\/#website"},"datePublished":"2020-07-16T05:53:20+00:00","dateModified":"2023-07-11T22:43:24+00:00","breadcrumb":{"@id":"https:\/\/bahiadeuvasbeachclub.com\/testimonial\/#breadcrumb"},"inLanguage":"en-US","potentialAction":[{"@type":"ReadAction","target":["https:\/\/bahiadeuvasbeachclub.com\/testimonial\/"]}]},{"@type":"BreadcrumbList","@id":"https:\/\/bahiadeuvasbeachclub.com\/testimonial\/#breadcrumb","itemListElement":[{"@type":"ListItem","position":1,"name":"Inicio","item":"https:\/\/bahiadeuvasbeachclub.com\/"},{"@type":"ListItem","position":2,"name":"Testimonios"}]},{"@type":"WebSite","@id":"https:\/\/bahiadeuvasbeachclub.com\/#website","url":"https:\/\/bahiadeuvasbeachclub.com\/","name":"","description":"Sum\u00e9rgete en la tranquilidad de Bah\u00eda De Uvas Beach Club, donde el sol, la arena y las olas crean momentos inolvidables.","potentialAction":[{"@type":"SearchAction","target":{"@type":"EntryPoint","urlTemplate":"https:\/\/bahiadeuvasbeachclub.com\/?s={search_term_string}"},"query-input":{"@type":"PropertyValueSpecification","valueRequired":true,"valueName":"search_term_string"}}],"inLanguage":"en-US"}]}},"jetpack_sharing_enabled":true,"uagb_featured_image_src":{"full":false,"thumbnail":false,"medium":false,"medium_large":false,"large":false,"1536x1536":false,"2048x2048":false,"trp-custom-language-flag":false,"mailpoet_newsletter_max":false,"woocommerce_thumbnail":false,"woocommerce_single":false,"woocommerce_gallery_thumbnail":false},"uagb_author_info":{"display_name":"bahiadeuvas","author_link":"https:\/\/bahiadeuvasbeachclub.com\/en\/author\/bahiadeuvas\/"},"uagb_comment_info":0,"uagb_excerpt":"testimonios Conoce lo que nuestros visitantes opinan sobre nuestro&nbsp; club de playa Lo que opinan de nosotros 4.9\/5 &#xE934;&#xE934;&#xE934;&#xE934;&#xE934; 4.8\/5 Costumer&#8217;s Rating","jetpack-related-posts":[],"_links":{"self":[{"href":"https:\/\/bahiadeuvasbeachclub.com\/en\/wp-json\/wp\/v2\/pages\/142","targetHints":{"allow":["GET"]}}],"collection":[{"href":"https:\/\/bahiadeuvasbeachclub.com\/en\/wp-json\/wp\/v2\/pages"}],"about":[{"href":"https:\/\/bahiadeuvasbeachclub.com\/en\/wp-json\/wp\/v2\/types\/page"}],"author":[{"embeddable":true,"href":"https:\/\/bahiadeuvasbeachclub.com\/en\/wp-json\/wp\/v2\/users\/1"}],"replies":[{"embeddable":true,"href":"https:\/\/bahiadeuvasbeachclub.com\/en\/wp-json\/wp\/v2\/comments?post=142"}],"version-history":[{"count":23,"href":"https:\/\/bahiadeuvasbeachclub.com\/en\/wp-json\/wp\/v2\/pages\/142\/revisions"}],"predecessor-version":[{"id":961,"href":"https:\/\/bahiadeuvasbeachclub.com\/en\/wp-json\/wp\/v2\/pages\/142\/revisions\/961"}],"wp:attachment":[{"href":"https:\/\/bahiadeuvasbeachclub.com\/en\/wp-json\/wp\/v2\/media?parent=142"}],"curies":[{"name":"wp","href":"https:\/\/api.w.org\/{rel}","templated":true}]}}